{"id":19837,"date":"2025-05-06T13:24:55","date_gmt":"2025-05-06T11:24:55","guid":{"rendered":"https:\/\/shinbukan.hu\/?page_id=19837"},"modified":"2025-05-06T13:24:55","modified_gmt":"2025-05-06T11:24:55","slug":"kronika-2","status":"publish","type":"page","link":"https:\/\/shinbukan.hu\/?page_id=19837","title":{"rendered":"Kr\u00f3nika"},"content":{"rendered":"<div id=\"pl-19837\"  class=\"panel-layout\" ><div id=\"pg-19837-0\"  class=\"panel-grid panel-no-style\" ><div id=\"pgc-19837-0-0\"  class=\"panel-grid-cell\" ><div id=\"panel-19837-0-0-0\" class=\"so-panel widget_archives widget_archive panel-first-child panel-last-child\" data-index=\"0\" ><h3 class=\"widget-title\">Arch\u00edvum<\/h3><nav aria-label=\"Arch\u00edvum\">\n\t\t\t<ul>\n\t\t\t\t\t<li><a href='https:\/\/shinbukan.hu\/?m=202604'>2026. \u00e1prilis<\/a><\/li>\n\t<li><a href='https:\/\/shinbukan.hu\/?m=202603'>2026. m\u00e1rcius<\/a><\/li>\n\t<li><a href='https:\/\/shinbukan.hu\/?m=202602'>2026. febru\u00e1r<\/a><\/li>\n\t<li><a href='https:\/\/shinbukan.hu\/?m=202512'>2025. december<\/a><\/li>\n\t<li><a href='https:\/\/shinbukan.hu\/?m=202510'>2025. okt\u00f3ber<\/a><\/li>\n\t<li><a href='https:\/\/shinbukan.hu\/?m=202509'>2025. szeptember<\/a><\/li>\n\t<li><a href='https:\/\/shinbukan.hu\/?m=202508'>2025. augusztus<\/a><\/li>\n\t<li><a href='https:\/\/shinbukan.hu\/?m=202507'>2025. j\u00falius<\/a><\/li>\n\t<li><a href='https:\/\/shinbukan.hu\/?m=202505'>2025. m\u00e1jus<\/a><\/li>\n\t<li><a href='https:\/\/shinbukan.hu\/?m=202504'>2025. \u00e1prilis<\/a><\/li>\n\t<li><a href='https:\/\/shinbukan.hu\/?m=202503'>2025. m\u00e1rcius<\/a><\/li>\n\t<li><a href='https:\/\/shinbukan.hu\/?m=202502'>2025. febru\u00e1r<\/a><\/li>\n\t<li><a href='https:\/\/shinbukan.hu\/?m=202501'>2025. janu\u00e1r<\/a><\/li>\n\t<li><a href='https:\/\/shinbukan.hu\/?m=202412'>2024. december<\/a><\/li>\n\t<li><a href='https:\/\/shinbukan.hu\/?m=202411'>2024. november<\/a><\/li>\n\t<li><a href='https:\/\/shinbukan.hu\/?m=202410'>2024. okt\u00f3ber<\/a><\/li>\n\t<li><a href='https:\/\/shinbukan.hu\/?m=202409'>2024. szeptember<\/a><\/li>\n\t<li><a href='https:\/\/shinbukan.hu\/?m=202408'>2024. augusztus<\/a><\/li>\n\t<li><a href='https:\/\/shinbukan.hu\/?m=202407'>2024. j\u00falius<\/a><\/li>\n\t<li><a href='https:\/\/shinbukan.hu\/?m=202406'>2024. j\u00fanius<\/a><\/li>\n\t<li><a href='https:\/\/shinbukan.hu\/?m=202405'>2024. m\u00e1jus<\/a><\/li>\n\t<li><a href='https:\/\/shinbukan.hu\/?m=202403'>2024. m\u00e1rcius<\/a><\/li>\n\t<li><a href='https:\/\/shinbukan.hu\/?m=202402'>2024. febru\u00e1r<\/a><\/li>\n\t<li><a href='https:\/\/shinbukan.hu\/?m=202401'>2024. janu\u00e1r<\/a><\/li>\n\t<li><a href='https:\/\/shinbukan.hu\/?m=202312'>2023. december<\/a><\/li>\n\t<li><a href='https:\/\/shinbukan.hu\/?m=202311'>2023. november<\/a><\/li>\n\t<li><a href='https:\/\/shinbukan.hu\/?m=202310'>2023. okt\u00f3ber<\/a><\/li>\n\t<li><a href='https:\/\/shinbukan.hu\/?m=202309'>2023. szeptember<\/a><\/li>\n\t<li><a href='https:\/\/shinbukan.hu\/?m=202307'>2023. j\u00falius<\/a><\/li>\n\t<li><a href='https:\/\/shinbukan.hu\/?m=202306'>2023. j\u00fanius<\/a><\/li>\n\t<li><a href='https:\/\/shinbukan.hu\/?m=202305'>2023. m\u00e1jus<\/a><\/li>\n\t<li><a href='https:\/\/shinbukan.hu\/?m=202303'>2023. m\u00e1rcius<\/a><\/li>\n\t<li><a href='https:\/\/shinbukan.hu\/?m=202302'>2023. febru\u00e1r<\/a><\/li>\n\t<li><a href='https:\/\/shinbukan.hu\/?m=202301'>2023. janu\u00e1r<\/a><\/li>\n\t<li><a href='https:\/\/shinbukan.hu\/?m=202212'>2022. december<\/a><\/li>\n\t<li><a href='https:\/\/shinbukan.hu\/?m=202210'>2022. okt\u00f3ber<\/a><\/li>\n\t<li><a href='https:\/\/shinbukan.hu\/?m=202209'>2022. szeptember<\/a><\/li>\n\t<li><a href='https:\/\/shinbukan.hu\/?m=202208'>2022. augusztus<\/a><\/li>\n\t<li><a href='https:\/\/shinbukan.hu\/?m=202206'>2022. j\u00fanius<\/a><\/li>\n\t<li><a href='https:\/\/shinbukan.hu\/?m=202205'>2022. m\u00e1jus<\/a><\/li>\n\t<li><a href='https:\/\/shinbukan.hu\/?m=202204'>2022. \u00e1prilis<\/a><\/li>\n\t<li><a href='https:\/\/shinbukan.hu\/?m=202202'>2022. febru\u00e1r<\/a><\/li>\n\t<li><a href='https:\/\/shinbukan.hu\/?m=202112'>2021. december<\/a><\/li>\n\t<li><a href='https:\/\/shinbukan.hu\/?m=202111'>2021. november<\/a><\/li>\n\t<li><a href='https:\/\/shinbukan.hu\/?m=202110'>2021. okt\u00f3ber<\/a><\/li>\n\t<li><a href='https:\/\/shinbukan.hu\/?m=202109'>2021. szeptember<\/a><\/li>\n\t<li><a href='https:\/\/shinbukan.hu\/?m=202107'>2021. j\u00falius<\/a><\/li>\n\t<li><a href='https:\/\/shinbukan.hu\/?m=202104'>2021. \u00e1prilis<\/a><\/li>\n\t<li><a href='https:\/\/shinbukan.hu\/?m=202102'>2021. febru\u00e1r<\/a><\/li>\n\t<li><a href='https:\/\/shinbukan.hu\/?m=202010'>2020. okt\u00f3ber<\/a><\/li>\n\t<li><a href='https:\/\/shinbukan.hu\/?m=202009'>2020. szeptember<\/a><\/li>\n\t<li><a href='https:\/\/shinbukan.hu\/?m=202002'>2020. febru\u00e1r<\/a><\/li>\n\t<li><a href='https:\/\/shinbukan.hu\/?m=202001'>2020. janu\u00e1r<\/a><\/li>\n\t<li><a href='https:\/\/shinbukan.hu\/?m=201912'>2019. december<\/a><\/li>\n\t<li><a href='https:\/\/shinbukan.hu\/?m=201911'>2019. november<\/a><\/li>\n\t<li><a href='https:\/\/shinbukan.hu\/?m=201910'>2019. okt\u00f3ber<\/a><\/li>\n\t<li><a href='https:\/\/shinbukan.hu\/?m=201909'>2019. szeptember<\/a><\/li>\n\t<li><a href='https:\/\/shinbukan.hu\/?m=201908'>2019. augusztus<\/a><\/li>\n\t<li><a href='https:\/\/shinbukan.hu\/?m=201907'>2019. j\u00falius<\/a><\/li>\n\t<li><a href='https:\/\/shinbukan.hu\/?m=201906'>2019. j\u00fanius<\/a><\/li>\n\t<li><a href='https:\/\/shinbukan.hu\/?m=201905'>2019. m\u00e1jus<\/a><\/li>\n\t<li><a href='https:\/\/shinbukan.hu\/?m=201903'>2019. m\u00e1rcius<\/a><\/li>\n\t<li><a href='https:\/\/shinbukan.hu\/?m=201902'>2019. febru\u00e1r<\/a><\/li>\n\t<li><a href='https:\/\/shinbukan.hu\/?m=201901'>2019. janu\u00e1r<\/a><\/li>\n\t<li><a href='https:\/\/shinbukan.hu\/?m=201812'>2018. december<\/a><\/li>\n\t<li><a href='https:\/\/shinbukan.hu\/?m=201811'>2018. november<\/a><\/li>\n\t<li><a href='https:\/\/shinbukan.hu\/?m=201810'>2018. okt\u00f3ber<\/a><\/li>\n\t<li><a href='https:\/\/shinbukan.hu\/?m=201809'>2018. szeptember<\/a><\/li>\n\t<li><a href='https:\/\/shinbukan.hu\/?m=201807'>2018. j\u00falius<\/a><\/li>\n\t<li><a href='https:\/\/shinbukan.hu\/?m=201806'>2018. j\u00fanius<\/a><\/li>\n\t<li><a href='https:\/\/shinbukan.hu\/?m=201805'>2018. m\u00e1jus<\/a><\/li>\n\t<li><a href='https:\/\/shinbukan.hu\/?m=201804'>2018. \u00e1prilis<\/a><\/li>\n\t<li><a href='https:\/\/shinbukan.hu\/?m=201802'>2018. febru\u00e1r<\/a><\/li>\n\t<li><a href='https:\/\/shinbukan.hu\/?m=201801'>2018. janu\u00e1r<\/a><\/li>\n\t<li><a href='https:\/\/shinbukan.hu\/?m=201712'>2017. december<\/a><\/li>\n\t<li><a href='https:\/\/shinbukan.hu\/?m=201711'>2017. november<\/a><\/li>\n\t<li><a href='https:\/\/shinbukan.hu\/?m=201710'>2017. okt\u00f3ber<\/a><\/li>\n\t<li><a href='https:\/\/shinbukan.hu\/?m=201709'>2017. szeptember<\/a><\/li>\n\t<li><a href='https:\/\/shinbukan.hu\/?m=201708'>2017. augusztus<\/a><\/li>\n\t<li><a href='https:\/\/shinbukan.hu\/?m=201706'>2017. j\u00fanius<\/a><\/li>\n\t<li><a href='https:\/\/shinbukan.hu\/?m=201705'>2017. m\u00e1jus<\/a><\/li>\n\t<li><a href='https:\/\/shinbukan.hu\/?m=201704'>2017. \u00e1prilis<\/a><\/li>\n\t<li><a href='https:\/\/shinbukan.hu\/?m=201703'>2017. m\u00e1rcius<\/a><\/li>\n\t<li><a href='https:\/\/shinbukan.hu\/?m=201702'>2017. febru\u00e1r<\/a><\/li>\n\t<li><a href='https:\/\/shinbukan.hu\/?m=201701'>2017. janu\u00e1r<\/a><\/li>\n\t<li><a href='https:\/\/shinbukan.hu\/?m=201612'>2016. december<\/a><\/li>\n\t<li><a href='https:\/\/shinbukan.hu\/?m=201611'>2016. november<\/a><\/li>\n\t<li><a href='https:\/\/shinbukan.hu\/?m=201610'>2016. okt\u00f3ber<\/a><\/li>\n\t<li><a href='https:\/\/shinbukan.hu\/?m=201609'>2016. szeptember<\/a><\/li>\n\t<li><a href='https:\/\/shinbukan.hu\/?m=201607'>2016. j\u00falius<\/a><\/li>\n\t<li><a href='https:\/\/shinbukan.hu\/?m=201606'>2016. j\u00fanius<\/a><\/li>\n\t<li><a href='https:\/\/shinbukan.hu\/?m=201605'>2016. m\u00e1jus<\/a><\/li>\n\t<li><a href='https:\/\/shinbukan.hu\/?m=201604'>2016. \u00e1prilis<\/a><\/li>\n\t<li><a href='https:\/\/shinbukan.hu\/?m=201603'>2016. m\u00e1rcius<\/a><\/li>\n\t<li><a href='https:\/\/shinbukan.hu\/?m=201602'>2016. febru\u00e1r<\/a><\/li>\n\t<li><a href='https:\/\/shinbukan.hu\/?m=201601'>2016. janu\u00e1r<\/a><\/li>\n\t<li><a href='https:\/\/shinbukan.hu\/?m=201512'>2015. december<\/a><\/li>\n\t<li><a href='https:\/\/shinbukan.hu\/?m=201511'>2015. november<\/a><\/li>\n\t<li><a href='https:\/\/shinbukan.hu\/?m=201510'>2015. okt\u00f3ber<\/a><\/li>\n\t<li><a href='https:\/\/shinbukan.hu\/?m=201509'>2015. szeptember<\/a><\/li>\n\t<li><a href='https:\/\/shinbukan.hu\/?m=201508'>2015. augusztus<\/a><\/li>\n\t<li><a href='https:\/\/shinbukan.hu\/?m=201507'>2015. j\u00falius<\/a><\/li>\n\t<li><a href='https:\/\/shinbukan.hu\/?m=201506'>2015. j\u00fanius<\/a><\/li>\n\t<li><a href='https:\/\/shinbukan.hu\/?m=201505'>2015. m\u00e1jus<\/a><\/li>\n\t<li><a href='https:\/\/shinbukan.hu\/?m=201504'>2015. \u00e1prilis<\/a><\/li>\n\t<li><a href='https:\/\/shinbukan.hu\/?m=201503'>2015. m\u00e1rcius<\/a><\/li>\n\t<li><a href='https:\/\/shinbukan.hu\/?m=201502'>2015. febru\u00e1r<\/a><\/li>\n\t<li><a href='https:\/\/shinbukan.hu\/?m=201501'>2015. janu\u00e1r<\/a><\/li>\n\t<li><a href='https:\/\/shinbukan.hu\/?m=201412'>2014. december<\/a><\/li>\n\t<li><a href='https:\/\/shinbukan.hu\/?m=201411'>2014. november<\/a><\/li>\n\t<li><a href='https:\/\/shinbukan.hu\/?m=201410'>2014. okt\u00f3ber<\/a><\/li>\n\t<li><a href='https:\/\/shinbukan.hu\/?m=201409'>2014. szeptember<\/a><\/li>\n\t<li><a href='https:\/\/shinbukan.hu\/?m=201407'>2014. j\u00falius<\/a><\/li>\n\t<li><a href='https:\/\/shinbukan.hu\/?m=201406'>2014. j\u00fanius<\/a><\/li>\n\t<li><a href='https:\/\/shinbukan.hu\/?m=201405'>2014. m\u00e1jus<\/a><\/li>\n\t<li><a href='https:\/\/shinbukan.hu\/?m=201404'>2014. \u00e1prilis<\/a><\/li>\n\t<li><a href='https:\/\/shinbukan.hu\/?m=201403'>2014. m\u00e1rcius<\/a><\/li>\n\t<li><a href='https:\/\/shinbukan.hu\/?m=201402'>2014. febru\u00e1r<\/a><\/li>\n\t<li><a href='https:\/\/shinbukan.hu\/?m=201401'>2014. janu\u00e1r<\/a><\/li>\n\t<li><a href='https:\/\/shinbukan.hu\/?m=201312'>2013. december<\/a><\/li>\n\t<li><a href='https:\/\/shinbukan.hu\/?m=201311'>2013. november<\/a><\/li>\n\t<li><a href='https:\/\/shinbukan.hu\/?m=201310'>2013. okt\u00f3ber<\/a><\/li>\n\t<li><a href='https:\/\/shinbukan.hu\/?m=201309'>2013. szeptember<\/a><\/li>\n\t<li><a href='https:\/\/shinbukan.hu\/?m=201308'>2013. augusztus<\/a><\/li>\n\t<li><a href='https:\/\/shinbukan.hu\/?m=201307'>2013. j\u00falius<\/a><\/li>\n\t<li><a href='https:\/\/shinbukan.hu\/?m=201306'>2013. j\u00fanius<\/a><\/li>\n\t<li><a href='https:\/\/shinbukan.hu\/?m=201305'>2013. m\u00e1jus<\/a><\/li>\n\t<li><a href='https:\/\/shinbukan.hu\/?m=201304'>2013. \u00e1prilis<\/a><\/li>\n\t<li><a href='https:\/\/shinbukan.hu\/?m=201303'>2013. m\u00e1rcius<\/a><\/li>\n\t<li><a href='https:\/\/shinbukan.hu\/?m=201302'>2013. febru\u00e1r<\/a><\/li>\n\t<li><a href='https:\/\/shinbukan.hu\/?m=201301'>2013. janu\u00e1r<\/a><\/li>\n\t<li><a href='https:\/\/shinbukan.hu\/?m=201212'>2012. december<\/a><\/li>\n\t<li><a href='https:\/\/shinbukan.hu\/?m=201211'>2012. november<\/a><\/li>\n\t<li><a href='https:\/\/shinbukan.hu\/?m=201210'>2012. okt\u00f3ber<\/a><\/li>\n\t<li><a href='https:\/\/shinbukan.hu\/?m=201209'>2012. szeptember<\/a><\/li>\n\t<li><a href='https:\/\/shinbukan.hu\/?m=201208'>2012. augusztus<\/a><\/li>\n\t<li><a href='https:\/\/shinbukan.hu\/?m=201207'>2012. j\u00falius<\/a><\/li>\n\t<li><a href='https:\/\/shinbukan.hu\/?m=201206'>2012. j\u00fanius<\/a><\/li>\n\t<li><a href='https:\/\/shinbukan.hu\/?m=201205'>2012. m\u00e1jus<\/a><\/li>\n\t<li><a href='https:\/\/shinbukan.hu\/?m=201204'>2012. \u00e1prilis<\/a><\/li>\n\t<li><a href='https:\/\/shinbukan.hu\/?m=201203'>2012. m\u00e1rcius<\/a><\/li>\n\t<li><a href='https:\/\/shinbukan.hu\/?m=201202'>2012. febru\u00e1r<\/a><\/li>\n\t<li><a href='https:\/\/shinbukan.hu\/?m=201201'>2012. janu\u00e1r<\/a><\/li>\n\t<li><a href='https:\/\/shinbukan.hu\/?m=201112'>2011. december<\/a><\/li>\n\t<li><a href='https:\/\/shinbukan.hu\/?m=201111'>2011. november<\/a><\/li>\n\t<li><a href='https:\/\/shinbukan.hu\/?m=201110'>2011. okt\u00f3ber<\/a><\/li>\n\t<li><a href='https:\/\/shinbukan.hu\/?m=201109'>2011. szeptember<\/a><\/li>\n\t<li><a href='https:\/\/shinbukan.hu\/?m=201107'>2011. j\u00falius<\/a><\/li>\n\t<li><a href='https:\/\/shinbukan.hu\/?m=201106'>2011. j\u00fanius<\/a><\/li>\n\t<li><a href='https:\/\/shinbukan.hu\/?m=201105'>2011. m\u00e1jus<\/a><\/li>\n\t<li><a href='https:\/\/shinbukan.hu\/?m=201104'>2011. \u00e1prilis<\/a><\/li>\n\t<li><a href='https:\/\/shinbukan.hu\/?m=201103'>2011. m\u00e1rcius<\/a><\/li>\n\t<li><a href='https:\/\/shinbukan.hu\/?m=201102'>2011. febru\u00e1r<\/a><\/li>\n\t<li><a href='https:\/\/shinbukan.hu\/?m=201101'>2011. janu\u00e1r<\/a><\/li>\n\t<li><a href='https:\/\/shinbukan.hu\/?m=201012'>2010. december<\/a><\/li>\n\t<li><a href='https:\/\/shinbukan.hu\/?m=201011'>2010. november<\/a><\/li>\n\t<li><a href='https:\/\/shinbukan.hu\/?m=201010'>2010. okt\u00f3ber<\/a><\/li>\n\t<li><a href='https:\/\/shinbukan.hu\/?m=201009'>2010. szeptember<\/a><\/li>\n\t<li><a href='https:\/\/shinbukan.hu\/?m=201008'>2010. augusztus<\/a><\/li>\n\t<li><a href='https:\/\/shinbukan.hu\/?m=201007'>2010. j\u00falius<\/a><\/li>\n\t<li><a href='https:\/\/shinbukan.hu\/?m=201006'>2010. j\u00fanius<\/a><\/li>\n\t<li><a href='https:\/\/shinbukan.hu\/?m=201005'>2010. m\u00e1jus<\/a><\/li>\n\t<li><a href='https:\/\/shinbukan.hu\/?m=201004'>2010. \u00e1prilis<\/a><\/li>\n\t<li><a href='https:\/\/shinbukan.hu\/?m=201003'>2010. m\u00e1rcius<\/a><\/li>\n\t<li><a href='https:\/\/shinbukan.hu\/?m=201002'>2010. febru\u00e1r<\/a><\/li>\n\t<li><a href='https:\/\/shinbukan.hu\/?m=201001'>2010. janu\u00e1r<\/a><\/li>\n\t<li><a href='https:\/\/shinbukan.hu\/?m=200912'>2009. december<\/a><\/li>\n\t<li><a href='https:\/\/shinbukan.hu\/?m=200911'>2009. november<\/a><\/li>\n\t<li><a href='https:\/\/shinbukan.hu\/?m=200910'>2009. okt\u00f3ber<\/a><\/li>\n\t<li><a href='https:\/\/shinbukan.hu\/?m=200909'>2009. szeptember<\/a><\/li>\n\t<li><a href='https:\/\/shinbukan.hu\/?m=200908'>2009. augusztus<\/a><\/li>\n\t<li><a href='https:\/\/shinbukan.hu\/?m=200907'>2009. j\u00falius<\/a><\/li>\n\t<li><a href='https:\/\/shinbukan.hu\/?m=200906'>2009. j\u00fanius<\/a><\/li>\n\t<li><a href='https:\/\/shinbukan.hu\/?m=200905'>2009. m\u00e1jus<\/a><\/li>\n\t<li><a href='https:\/\/shinbukan.hu\/?m=200904'>2009. \u00e1prilis<\/a><\/li>\n\t<li><a href='https:\/\/shinbukan.hu\/?m=200903'>2009. m\u00e1rcius<\/a><\/li>\n\t<li><a href='https:\/\/shinbukan.hu\/?m=200901'>2009. janu\u00e1r<\/a><\/li>\n\t<li><a href='https:\/\/shinbukan.hu\/?m=200812'>2008. december<\/a><\/li>\n\t<li><a href='https:\/\/shinbukan.hu\/?m=200811'>2008. november<\/a><\/li>\n\t<li><a href='https:\/\/shinbukan.hu\/?m=200810'>2008. okt\u00f3ber<\/a><\/li>\n\t<li><a href='https:\/\/shinbukan.hu\/?m=200809'>2008. szeptember<\/a><\/li>\n\t<li><a href='https:\/\/shinbukan.hu\/?m=200808'>2008. augusztus<\/a><\/li>\n\t<li><a href='https:\/\/shinbukan.hu\/?m=200806'>2008. j\u00fanius<\/a><\/li>\n\t<li><a href='https:\/\/shinbukan.hu\/?m=200805'>2008. m\u00e1jus<\/a><\/li>\n\t<li><a href='https:\/\/shinbukan.hu\/?m=200804'>2008. \u00e1prilis<\/a><\/li>\n\t<li><a href='https:\/\/shinbukan.hu\/?m=200803'>2008. m\u00e1rcius<\/a><\/li>\n\t<li><a href='https:\/\/shinbukan.hu\/?m=200802'>2008. febru\u00e1r<\/a><\/li>\n\t<li><a href='https:\/\/shinbukan.hu\/?m=200801'>2008. janu\u00e1r<\/a><\/li>\n\t<li><a href='https:\/\/shinbukan.hu\/?m=200711'>2007. november<\/a><\/li>\n\t<li><a href='https:\/\/shinbukan.hu\/?m=200710'>2007. okt\u00f3ber<\/a><\/li>\n\t<li><a href='https:\/\/shinbukan.hu\/?m=200709'>2007. szeptember<\/a><\/li>\n\t<li><a href='https:\/\/shinbukan.hu\/?m=200708'>2007. augusztus<\/a><\/li>\n\t<li><a href='https:\/\/shinbukan.hu\/?m=200706'>2007. j\u00fanius<\/a><\/li>\n\t<li><a href='https:\/\/shinbukan.hu\/?m=200705'>2007. m\u00e1jus<\/a><\/li>\n\t<li><a href='https:\/\/shinbukan.hu\/?m=200704'>2007. \u00e1prilis<\/a><\/li>\n\t<li><a href='https:\/\/shinbukan.hu\/?m=200703'>2007. m\u00e1rcius<\/a><\/li>\n\t<li><a href='https:\/\/shinbukan.hu\/?m=200702'>2007. febru\u00e1r<\/a><\/li>\n\t<li><a href='https:\/\/shinbukan.hu\/?m=200612'>2006. december<\/a><\/li>\n\t<li><a href='https:\/\/shinbukan.hu\/?m=200611'>2006. november<\/a><\/li>\n\t<li><a href='https:\/\/shinbukan.hu\/?m=200609'>2006. szeptember<\/a><\/li>\n\t<li><a href='https:\/\/shinbukan.hu\/?m=200608'>2006. augusztus<\/a><\/li>\n\t<li><a href='https:\/\/shinbukan.hu\/?m=200606'>2006. j\u00fanius<\/a><\/li>\n\t<li><a href='https:\/\/shinbukan.hu\/?m=200605'>2006. m\u00e1jus<\/a><\/li>\n\t<li><a href='https:\/\/shinbukan.hu\/?m=200604'>2006. \u00e1prilis<\/a><\/li>\n\t<li><a href='https:\/\/shinbukan.hu\/?m=200603'>2006. m\u00e1rcius<\/a><\/li>\n\t<li><a href='https:\/\/shinbukan.hu\/?m=200602'>2006. febru\u00e1r<\/a><\/li>\n\t<li><a href='https:\/\/shinbukan.hu\/?m=200601'>2006. janu\u00e1r<\/a><\/li>\n\t<li><a href='https:\/\/shinbukan.hu\/?m=200511'>2005. november<\/a><\/li>\n\t<li><a href='https:\/\/shinbukan.hu\/?m=200510'>2005. okt\u00f3ber<\/a><\/li>\n\t<li><a href='https:\/\/shinbukan.hu\/?m=200509'>2005. szeptember<\/a><\/li>\n\t<li><a href='https:\/\/shinbukan.hu\/?m=200508'>2005. augusztus<\/a><\/li>\n\t<li><a href='https:\/\/shinbukan.hu\/?m=200507'>2005. j\u00falius<\/a><\/li>\n\t<li><a href='https:\/\/shinbukan.hu\/?m=200505'>2005. m\u00e1jus<\/a><\/li>\n\t<li><a href='https:\/\/shinbukan.hu\/?m=200504'>2005. \u00e1prilis<\/a><\/li>\n\t<li><a href='https:\/\/shinbukan.hu\/?m=200503'>2005. m\u00e1rcius<\/a><\/li>\n\t<li><a href='https:\/\/shinbukan.hu\/?m=200501'>2005. janu\u00e1r<\/a><\/li>\n\t<li><a href='https:\/\/shinbukan.hu\/?m=200412'>2004. december<\/a><\/li>\n\t<li><a href='https:\/\/shinbukan.hu\/?m=200410'>2004. okt\u00f3ber<\/a><\/li>\n\t<li><a href='https:\/\/shinbukan.hu\/?m=200409'>2004. szeptember<\/a><\/li>\n\t<li><a href='https:\/\/shinbukan.hu\/?m=199907'>1999. j\u00falius<\/a><\/li>\n\t<li><a href='https:\/\/shinbukan.hu\/?m=199703'>1997. m\u00e1rcius<\/a><\/li>\n\t<li><a href='https:\/\/shinbukan.hu\/?m=199702'>1997. febru\u00e1r<\/a><\/li>\n\t<li><a href='https:\/\/shinbukan.hu\/?m=199701'>1997. janu\u00e1r<\/a><\/li>\n\t<li><a href='https:\/\/shinbukan.hu\/?m=199612'>1996. december<\/a><\/li>\n\t\t\t<\/ul>\n\n\t\t\t<\/nav><\/div><\/div><\/div><\/div>","protected":false},"excerpt":{"rendered":"<p>Arch\u00edvum 2026. \u00e1prilis 2026. m\u00e1rcius 2026. febru\u00e1r 2025. december 2025. okt\u00f3ber 2025. szeptember 2025. augusztus 2025. j\u00falius 2025. m\u00e1jus 2025. \u00e1prilis 2025. m\u00e1rcius 2025. febru\u00e1r 2025. janu\u00e1r 2024. december 2024. november 2024. okt\u00f3ber 2024. szeptember 2024. augusztus 2024. j\u00falius 2024. j\u00fanius 2024. m\u00e1jus 2024. m\u00e1rcius 2024. febru\u00e1r 2024. janu\u00e1r 2023. december 2023. november 2023. okt\u00f3ber &hellip; <a href=\"https:\/\/shinbukan.hu\/?page_id=19837\" class=\"more-link\"><span class=\"screen-reader-text\">&#8222;Kr\u00f3nika&#8221;<\/span> b\u0151vebben<\/a><\/p>\n","protected":false},"author":1,"featured_media":0,"parent":0,"menu_order":0,"comment_status":"closed","ping_status":"closed","template":"","meta":{"footnotes":""},"class_list":["post-19837","page","type-page","status-publish","hentry"],"_links":{"self":[{"href":"https:\/\/shinbukan.hu\/index.php?rest_route=\/wp\/v2\/pages\/19837","targetHints":{"allow":["GET"]}}],"collection":[{"href":"https:\/\/shinbukan.hu\/index.php?rest_route=\/wp\/v2\/pages"}],"about":[{"href":"https:\/\/shinbukan.hu\/index.php?rest_route=\/wp\/v2\/types\/page"}],"author":[{"embeddable":true,"href":"https:\/\/shinbukan.hu\/index.php?rest_route=\/wp\/v2\/users\/1"}],"replies":[{"embeddable":true,"href":"https:\/\/shinbukan.hu\/index.php?rest_route=%2Fwp%2Fv2%2Fcomments&post=19837"}],"version-history":[{"count":2,"href":"https:\/\/shinbukan.hu\/index.php?rest_route=\/wp\/v2\/pages\/19837\/revisions"}],"predecessor-version":[{"id":19839,"href":"https:\/\/shinbukan.hu\/index.php?rest_route=\/wp\/v2\/pages\/19837\/revisions\/19839"}],"wp:attachment":[{"href":"https:\/\/shinbukan.hu\/index.php?rest_route=%2Fwp%2Fv2%2Fmedia&parent=19837"}],"curies":[{"name":"wp","href":"https:\/\/api.w.org\/{rel}","templated":true}]}}