{"id":60,"date":"2019-11-28T19:31:35","date_gmt":"2019-11-28T19:31:35","guid":{"rendered":"http:\/\/shinbukan.hu\/?page_id=60"},"modified":"2024-09-25T10:11:09","modified_gmt":"2024-09-25T08:11:09","slug":"nyitolap","status":"publish","type":"page","link":"https:\/\/shinbukan.hu\/","title":{"rendered":""},"content":{"rendered":"<div id=\"pl-60\"  class=\"panel-layout\" ><div id=\"pg-60-0\"  class=\"panel-grid panel-no-style\" ><div id=\"pgc-60-0-0\"  class=\"panel-grid-cell\" ><div id=\"panel-60-0-0-0\" class=\"so-panel widget_text panel-first-child panel-last-child\" data-index=\"0\" ><div class=\"panel-widget-style panel-widget-style-for-60-0-0-0\" >\t\t\t<div class=\"textwidget\"><p><center style=\"margin: -100px auto 0 auto;\">SHINBUKAN<\/center><\/p>\n<\/div>\n\t\t<\/div><\/div><\/div><\/div><div id=\"pg-60-1\"  class=\"panel-grid panel-no-style\" ><div id=\"pgc-60-1-0\"  class=\"panel-grid-cell\" ><div id=\"panel-60-1-0-0\" class=\"so-panel widget_media_image panel-first-child panel-last-child\" data-index=\"1\" ><img loading=\"lazy\" decoding=\"async\" width=\"993\" height=\"374\" src=\"https:\/\/shinbukan.hu\/wp-content\/uploads\/2019\/11\/kollazs_993.jpg\" class=\"image wp-image-77  attachment-full size-full\" alt=\"\" style=\"max-width: 100%; height: auto;\" srcset=\"https:\/\/shinbukan.hu\/wp-content\/uploads\/2019\/11\/kollazs_993.jpg 993w, https:\/\/shinbukan.hu\/wp-content\/uploads\/2019\/11\/kollazs_993-300x113.jpg 300w, https:\/\/shinbukan.hu\/wp-content\/uploads\/2019\/11\/kollazs_993-768x289.jpg 768w\" sizes=\"auto, (max-width: 709px) 85vw, (max-width: 909px) 67vw, (max-width: 1362px) 62vw, 840px\" \/><\/div><\/div><\/div><div id=\"pg-60-2\"  class=\"panel-grid panel-no-style\" ><div id=\"pgc-60-2-0\"  class=\"panel-grid-cell\" ><div id=\"panel-60-2-0-0\" class=\"so-panel widget_text panel-first-child panel-last-child\" data-index=\"2\" ><div class=\"panel-widget-style panel-widget-style-for-60-2-0-0\" >\t\t\t<div class=\"textwidget\"><p>Egyszer mindannyiunkat meg\u00e9rintett valami, ami Jap\u00e1n. Lehetett ez egy te\u00e1scs\u00e9sze, egy kalligr\u00e1fia, egy templomcsarnok, a zen, a sakuhachi hangja, a wasabi \u00edze, egy tusrajz, egy mohos k\u0151l\u00e1mp\u00e1s, v\u00f6r\u00f6s pecs\u00e9t a feh\u00e9r lapon, a koto peng\u00e9se, egy kimono, a taiko dobok d\u00fcb\u00f6rg\u00e9se, a sushi l\u00e1tv\u00e1nya \u00e9s zamata. Vagy a sumosok, ahogy egym\u00e1snak fesz\u00fclnek, a no t\u00e1ncosok finom l\u00e9p\u00e9sei, az \u00edj\u00e1sz mozdulatlans\u00e1ga, a zazenben \u00fcl\u0151 szerzetes nyugalma, a katana&#8230; \u00c9s elindultunk, akkor m\u00e9g nem tudtuk merre. Elindultunk egy \u00daton, mit sem sejtve. Mer\u00edthetn\u00e9k a tea \u00fatj\u00e1b\u00f3l (chado), a medit\u00e1ci\u00f3 \u00fatj\u00e1b\u00f3l (zen), a kalligr\u00e1fia \u00fatj\u00e1b\u00f3l (shodo), az \u00edj\u00e1szat \u00fatj\u00e1b\u00f3l (kyudo)&#8230; Mi valami\u00e9rt a kendo-t (a kard \u00fatja), az iaido-t (a kardr\u00e1nt\u00e1s \u00fatja), a jodo-t (a bot \u00fatja) v\u00e1lasztottuk. Majd meglelt\u00fck tan\u00e1rainkat, mestereinket, akik tov\u00e1bb terelgettek, terelgetnek minket az \u00f6sv\u00e9nyen. \u00c9s haladunk az \u00daton, egy darabon egy\u00fctt, egym\u00e1ssal, tal\u00e1n majd \u00d6nnel is&#8230;<\/p>\n<p>Ez a dojo az\u00e9rt sz\u00fcletett, mert hisz\u00fcnk abban, hogy az iaido \u00e9s a jodo gyakorl\u00e1sa seg\u00edt jobb emberr\u00e9 v\u00e1lnunk. Nemcsak az\u00e9rt gyakorlunk, hogy elsaj\u00e1t\u00edtsuk a technik\u00e1kat, hanem, hogy jobb\u00e1 tegy\u00fck a sz\u00edv\u00fcnket \u00e9s a lelk\u00fcnket, \u00e9s ebben minden st\u00edlus ugyanahhoz a c\u00e9lhoz vezet. Az\u00e9rt alap\u00edtottuk ezt a helyet, mert hissz\u00fck, hogy sem az iaido, sem a jodo nem lehet \u00f6nc\u00e9l\u00fa, \u00f6nz\u0151, hanem egy\u00fctt gyakorolva egym\u00e1st kell csiszolnunk. \u00c9s ugyan\u00edgy hissz\u00fck azt is, hogy ha figyelm\u00fcnket egyetlen pontra koncentr\u00e1ljuk, kit\u00e1gul a vil\u00e1g. Az \u00f6nk\u00e9nt v\u00e1llalt korl\u00e1tok \u00e9s szab\u00e1lyok adnak val\u00f3di szabads\u00e1got. A dojo ilyen hely: szigor\u00fa rend uralja, de tal\u00e1n \u00e9pp ez\u00e9rt, itt mindenki meglelheti \u00f6nmag\u00e1t.<\/p>\n<\/div>\n\t\t<\/div><\/div><\/div><\/div><div id=\"pg-60-3\"  class=\"panel-grid panel-no-style\" ><div id=\"pgc-60-3-0\"  class=\"panel-grid-cell\" ><div id=\"panel-60-3-0-0\" class=\"so-panel widget_text panel-first-child panel-last-child\" data-index=\"3\" ><div class=\"panel-widget-style panel-widget-style-for-60-3-0-0\" >\t\t\t<div class=\"textwidget\"><p><strong><img loading=\"lazy\" decoding=\"async\" class=\"alignleft size-medium\" src=\"\/wp-content\/uploads\/2023\/05\/iaido.jpg\" alt=\"Iaido\" width=\"245\" height=\"366\" \/>IAIDO &#8211; A Jap\u00e1n kard haszn\u00e1lat\u00e1nak \u00fatja<\/strong><\/p>\n<p>Mindannyian \u00e9lt\u00fcnk m\u00e1r \u00e1t olyan helyzetet, amelyben pillanatnyi m\u00e9rlegel\u00e9s\u00fcnk, \u00edt\u00e9let\u00fcnk d\u00f6nt\u00f6tte el magunk vagy m\u00e1sok sors\u00e1t. A r\u00e9gi korok kardv\u00edv\u00f3inak p\u00e1rbajaik sor\u00e1n nap mint nap kellett ilyen d\u00f6nt\u00e9seket hozniuk &#8211; az \u00e9let\u00fck m\u00falott rajta. Vagyis akkoriban az iaido legjelent\u0151sebb eleme, \u00e9rthet\u0151 m\u00f3don, a technika volt. Azonban hamar kider\u00fclt, hogy a puszta technika \u00f6nmag\u00e1ban nem lesz el\u00e9g hat\u00e9kony, edzett test, \u00e9s m\u00e9g ink\u00e1bb edzett l\u00e9lek n\u00e9lk\u00fcl.<\/p>\n<p>M\u00e1ra az iaido gyakorl\u00e1s\u00e1nak k\u00f6z\u00e9ppontj\u00e1ban m\u00e1r nem a fizikai t\u00fal\u00e9l\u00e9s, hanem a szellem fejl\u0151d\u00e9se \u00e1ll. Olyan szellemi \u00fatt\u00e1 v\u00e1lt, amely az emberi l\u00e9lek \u00e9s jellem csiszol\u00e1s\u00e1t a fizikum, \u00e9s a technikai kivitelez\u00e9s t\u00f6k\u00e9letes\u00edt\u00e9s\u00e9n kereszt\u00fcl \u00e9ri el.<\/p>\n<p><iframe style=\"width:100%; height: 300px;\" src=\"https:\/\/www.youtube.com\/embed\/G329XfkRgX8\" frameborder=\"0\" allowfullscreen=\"allowfullscreen\"><\/iframe><\/p>\n<\/div>\n\t\t<\/div><\/div><\/div><\/div><div id=\"pg-60-4\"  class=\"panel-grid panel-no-style\" ><div id=\"pgc-60-4-0\"  class=\"panel-grid-cell\" ><div id=\"panel-60-4-0-0\" class=\"so-panel widget_text panel-first-child panel-last-child\" data-index=\"4\" ><div class=\"panel-widget-style panel-widget-style-for-60-4-0-0\" >\t\t\t<div class=\"textwidget\"><p><strong><img loading=\"lazy\" decoding=\"async\" class=\"alignleft size-medium\" src=\"\/wp-content\/uploads\/2023\/05\/jodo.jpg\" alt=\"Jodo\" width=\"245\" height=\"366\" \/>JODO &#8211; A Jap\u00e1n bot(v\u00edv\u00e1s) \u00fatja (dzs\u00f3d\u00f3)<\/strong><\/p>\n<p>&#8222;Nem \u00e1rtani, de a t\u00e1mad\u00f3t visszaverve \u0151t okul\u00e1sra k\u00e9sztetni.&#8221;<\/p>\n<p>E r\u00e9gr\u0151l fennmaradt vers alapj\u00e1n elmondhat\u00f3, hogy a jodo m\u00e1r kialakul\u00e1sa kezdet\u00e9n magas szellemi c\u00e9lokat t\u0171z\u00f6tt a gyakorl\u00f3k el\u00e9. Ebben a v\u00edv\u00e1snemben kard \u00e9s bot csapnak \u00f6ssze, hogy azt\u00e1n rendre az eleve gyeng\u00e9bbnek \u00e9s es\u00e9lytelenebbnek mutatkoz\u00f3 bot kerekedjen fel\u00fcl. Alkalmazkod\u00e1s, tal\u00e1l\u00e9konys\u00e1g, ravaszs\u00e1g, vakmer\u0151s\u00e9g, er\u0151 \u00e9s gyorsas\u00e1g juttatj\u00e1k gy\u0151zelemhez.<\/p>\n<p>A jodo gyakorl\u00e1sa teh\u00e1t \u00e9leter\u0151ss\u00e9 teszi a testet, n\u00f6veli az aktivit\u00e1st, jav\u00edtja a tart\u00e1st \u00e9s hozz\u00e1\u00e1ll\u00e1st, fejleszti az \u00edt\u00e9l\u0151k\u00e9pess\u00e9get, elsz\u00e1nts\u00e1got, \u00e9s kialak\u00edtja a feladatok magabiztos kezel\u00e9s\u00e9nek k\u00e9pess\u00e9g\u00e9t. Fejleszti t\u00f6bbek k\u00f6zt a tisztelettud\u00e1s, becs\u00fclet, egyeness\u00e9g \u00e9s kitart\u00e1s szellemi er\u00e9nyeit. Vagyis a jodo v\u00e9gs\u0151 \u00e9rtelme a test, a szellem \u00e9s a tudat egy\u00fcttes fejleszt\u00e9se.<\/p>\n<p><iframe style=\"width:100%; height: 300px;\" src=\"https:\/\/www.youtube.com\/embed\/Yn3C8h4imQY\" frameborder=\"0\" allowfullscreen=\"\"><\/iframe><\/p>\n<\/div>\n\t\t<\/div><\/div><\/div><\/div><div id=\"pg-60-5\"  class=\"panel-grid panel-no-style\" ><div id=\"pgc-60-5-0\"  class=\"panel-grid-cell\" ><div id=\"panel-60-5-0-0\" class=\"so-panel widget_text panel-first-child panel-last-child\" data-index=\"5\" ><div class=\"panel-widget-style panel-widget-style-for-60-5-0-0\" >\t\t\t<div class=\"textwidget\"><div>\n<p><strong><img loading=\"lazy\" decoding=\"async\" class=\"alignleft size-medium\" src=\"\/wp-content\/uploads\/2023\/05\/sensei.jpg\" alt=\"Sensei\" width=\"340\" height=\"306\" \/>H\u00e1bermajer G\u00e1bor<\/strong><\/p>\n<\/div>\n<div class=\"content_sensei_text\">\n<p>Iaido 6. dan Renshi<br \/>\nJodo 6. dan Renshi<br \/>\nKendo 4. dan<\/p>\n<p id=\"u3193-9\">A budapesti Shinbukan dojo alap\u00edt\u00f3ja \u00e9s vezet\u0151je.<br \/>\nDojo k\u00fcsz\u00f6b\u00e9t el\u0151sz\u00f6r 1990-ben l\u00e9ptem \u00e1t, els\u0151k\u00e9nt aikido-t, majd Iaido-t, jodo-t is kezdtem gyakorolni. K\u00e9s\u0151bb, 1999-ben az els\u0151nek megkezdett \u00fat hely\u00e9be a kendo l\u00e9pett.<\/p>\n<p>Iaido \u00e9s jodo tan\u00e1rom Victor Cook sensei, Ishido Shizufumi mester tan\u00edtv\u00e1nya. Mindkettej\u00fckre, mint el\u0151ttem j\u00e1r\u00f3kra, nagy-nagy tisztelettel tekintek. Term\u00e9szetesen magam is az \u00e1ltaluk k\u00e9pviselt Muso Shinden Ryu iaido-t, illetve Shindo Muso Ryu jodo-t gyakorolom.<\/p>\n<p>Kendo tan\u00e1rom, Abe Tesushi mester 1992 \u00f3ta oktat Magyarorsz\u00e1gon. Tan\u00edt\u00e1saib\u00f3l, mely\u00e9rt v\u00e9gtelen\u00fcl h\u00e1l\u00e1s vagyok, sokat mer\u00edtettem \u00e9s mer\u00edtek. Az \u00e1ltala alap\u00edtott Magyar-Jap\u00e1n Kendo Klub, kendo dojom fontos szerepet t\u00f6lt be az \u00e9letemben: minta \u00e9s b\u00e1zis egyszerre.<\/p>\n<\/div>\n<\/div>\n\t\t<\/div><\/div><\/div><\/div><div id=\"pg-60-6\"  class=\"panel-grid panel-no-style\" ><div id=\"pgc-60-6-0\"  class=\"panel-grid-cell\" ><div id=\"panel-60-6-0-0\" class=\"so-panel widget_text panel-first-child panel-last-child\" data-index=\"6\" ><div class=\"panel-widget-style panel-widget-style-for-60-6-0-0\" >\t\t\t<div class=\"textwidget\"><div>\n<div><strong>IAIDO EDZ\u00c9S<\/strong><\/div>\n<div>KEDD 18:00 &#8211; 19:00<br \/>\nCS\u00dcT\u00d6RT\u00d6K 18:00 &#8211; 19:00<\/div>\n<div><strong>JODO EDZ\u00c9S<br \/>\n<\/strong>KEDD 19:00 &#8211; 20:00<strong><br \/>\n<\/strong><\/div>\n<div>CS\u00dcT\u00d6RT\u00d6K 19:00 &#8211; 20:00<\/div>\n<div><\/div>\n<div><strong>Az edz\u00e9sek helysz\u00edne:<\/strong><\/div>\n<div>ODU k\u00f6z\u00f6ss\u00e9gi t\u00e9r &#8211; 1122 Budapest, Krisztina k\u00f6r\u00fat 15.<\/div>\n<\/div>\n<\/div>\n\t\t<\/div><\/div><\/div><\/div><div id=\"pg-60-7\"  class=\"panel-grid panel-no-style\" ><div id=\"pgc-60-7-0\"  class=\"panel-grid-cell\" ><div id=\"panel-60-7-0-0\" class=\"widget_text so-panel widget_custom_html panel-first-child panel-last-child\" data-index=\"7\" ><div class=\"textwidget custom-html-widget\"><center>\n<iframe src=\"https:\/\/www.google.com\/maps\/embed?pb=!1m18!1m12!1m3!1d2695.2042797543027!2d19.021436415974254!3d47.50541277917806!2m3!1f0!2f0!3f0!3m2!1i1024!2i768!4f13.1!3m3!1m2!1s0x4741dea0552076fd%3A0x769337e47ed03cca!2sBudapest%2C%20Krisztina%20krt.%2015%2C%201122!5e0!3m2!1shu!2shu!4v1600857850203!5m2!1shu!2shu\" frameborder=\"0\" allowfullscreen=\"\" aria-hidden=\"false\" tabindex=\"0\" style=\"border:0; width: 100%; height: 350px\"><\/iframe>\n<\/center><\/div><\/div><\/div><\/div><div id=\"pg-60-8\"  class=\"panel-grid panel-no-style\" ><div id=\"pgc-60-8-0\"  class=\"panel-grid-cell\" ><div id=\"panel-60-8-0-0\" class=\"so-panel widget_text panel-first-child panel-last-child\" data-index=\"8\" ><div class=\"panel-widget-style panel-widget-style-for-60-8-0-0\" >\t\t\t<div class=\"textwidget\"><p><strong>Tisztelt \u00c9rdekl\u0151d\u0151!<\/strong><\/p>\n<p>Edz\u00e9seink nyitottak, bejelentkez\u00e9st k\u00f6vet\u0151en megtekinthet\u0151k. Jelentkez\u0151k sz\u00e1m\u00e1ra id\u0151szakonk\u00e9nt csoportot, vagy tanul\u00f3p\u00e1rokat ind\u00edtunk, mind iaido, mind jodo szak\u00e1gban. Az aktu\u00e1lis kurzusokr\u00f3l, az edz\u00e9sekhez csatlakoz\u00e1s lehet\u0151s\u00e9geir\u0151l szem\u00e9lyesen az edz\u00e9seken, illetve v\u00e1lasz e-mailben adunk t\u00e1j\u00e9koztat\u00e1st \u00f6nnek.<br \/>\nMag\u00e1n\u00f3r\u00e1kkal, szem\u00e9lyi k\u00e9pz\u00e9ssel kapcsolatos konzult\u00e1ci\u00f3hoz \u00e9s t\u00e1j\u00e9koz\u00f3d\u00e1shoz szint\u00e9n keressen minket a <a href=\"https:\/\/www.facebook.com\/shinbukan.egyesulet\/?locale=hu_HU\" target=\"_blank\" rel=\"noopener\">Facebook oldalunkon<\/a> kereszt\u00fcl!<\/p>\n<p>K\u00fcld\u00e9s\u00e9vel elfogadja az <a href=\"http:\/\/shinbukan.hu\/blog.php?sorszam=1543\">adatkezel\u00e9si t\u00e1j\u00e9koztat\u00f3nkat<\/a>!<\/p>\n<\/div>\n\t\t<\/div><\/div><\/div><\/div><div id=\"pg-60-9\"  class=\"panel-grid panel-no-style\" ><div id=\"pgc-60-9-0\"  class=\"panel-grid-cell\" ><div id=\"panel-60-9-0-0\" class=\"widget_text so-panel widget_custom_html panel-first-child panel-last-child\" data-index=\"9\" ><div class=\"textwidget custom-html-widget\"><iframe src=\"https:\/\/calendar.google.com\/calendar\/embed?height=600&amp;wkst=1&amp;bgcolor=%2333B679&amp;ctz=Europe%2FBudapest&amp;src=c2JraHVuZ2FyeUBnbWFpbC5jb20&amp;color=%B3DCAF\" style=\"border-width:0; width:100%; height:350px\" frameborder=\"0\" scrolling=\"no\"><\/iframe><\/div><\/div><\/div><\/div><div id=\"pg-60-10\"  class=\"panel-grid panel-no-style\" ><div id=\"pgc-60-10-0\"  class=\"panel-grid-cell\" ><div id=\"panel-60-10-0-0\" class=\"so-panel widget_text panel-first-child panel-last-child\" data-index=\"10\" ><div class=\"panel-widget-style panel-widget-style-for-60-10-0-0\" >\t\t\t<div class=\"textwidget\"><p><img loading=\"lazy\" decoding=\"async\" class=\"alignnone wp-image-118 size-full\" src=\"http:\/\/shinbukan.hu\/wp-content\/uploads\/2019\/11\/foot.jpg\" alt=\"\" width=\"1030\" height=\"99\" srcset=\"https:\/\/shinbukan.hu\/wp-content\/uploads\/2019\/11\/foot.jpg 1030w, https:\/\/shinbukan.hu\/wp-content\/uploads\/2019\/11\/foot-300x29.jpg 300w, https:\/\/shinbukan.hu\/wp-content\/uploads\/2019\/11\/foot-1024x98.jpg 1024w, https:\/\/shinbukan.hu\/wp-content\/uploads\/2019\/11\/foot-768x74.jpg 768w\" sizes=\"auto, (max-width: 709px) 85vw, (max-width: 909px) 67vw, (max-width: 1362px) 62vw, 840px\" \/><\/p>\n<div align=\"center\">\u00a9 Copyright Shinbukan Egyes\u00fclet, 2024<\/div>\n<div align=\"center\">\n<p>A Shinbukan Egyes\u00fclet a\u00a0<a href=\"http:\/\/www.iaido.hu\/\" target=\"_blank\" rel=\"noopener\">Magyar Kendo Iaido \u00e9s Jodo Sz\u00f6vets\u00e9g<\/a> tagja. &#8212; <a href=\"http:\/\/shinbukan.hu\/blog.php?sorszam=1543\">Adatkezel\u00e9si t\u00e1j\u00e9koztat\u00f3<\/a> &#8212; <a href=\"http:\/\/shinbukan.hu\/wp-content\/uploads\/2024\/08\/SBK_alapszabaly-es-vegzes-2015.pdf\" target=_blank>Alapszab\u00e1ly<\/a><\/p>\n<p>Ad\u00f3sz\u00e1m: 18708064-1-13 |\u00a0<a href=\"http:\/\/shinbukan.hu\/?page_id=177\">K\u00f6zhaszn\u00fas\u00e1gi jelent\u00e9sek<\/a><\/p>\n<\/div>\n<\/div>\n\t\t<\/div><\/div><\/div><\/div><\/div>","protected":false},"excerpt":{"rendered":"<p>SHINBUKAN<\/p>\n","protected":false},"author":1,"featured_media":0,"parent":0,"menu_order":0,"comment_status":"closed","ping_status":"closed","template":"","meta":{"footnotes":""},"class_list":["post-60","page","type-page","status-publish","hentry"],"_links":{"self":[{"href":"https:\/\/shinbukan.hu\/index.php?rest_route=\/wp\/v2\/pages\/60","targetHints":{"allow":["GET"]}}],"collection":[{"href":"https:\/\/shinbukan.hu\/index.php?rest_route=\/wp\/v2\/pages"}],"about":[{"href":"https:\/\/shinbukan.hu\/index.php?rest_route=\/wp\/v2\/types\/page"}],"author":[{"embeddable":true,"href":"https:\/\/shinbukan.hu\/index.php?rest_route=\/wp\/v2\/users\/1"}],"replies":[{"embeddable":true,"href":"https:\/\/shinbukan.hu\/index.php?rest_route=%2Fwp%2Fv2%2Fcomments&post=60"}],"version-history":[{"count":135,"href":"https:\/\/shinbukan.hu\/index.php?rest_route=\/wp\/v2\/pages\/60\/revisions"}],"predecessor-version":[{"id":19164,"href":"https:\/\/shinbukan.hu\/index.php?rest_route=\/wp\/v2\/pages\/60\/revisions\/19164"}],"wp:attachment":[{"href":"https:\/\/shinbukan.hu\/index.php?rest_route=%2Fwp%2Fv2%2Fmedia&parent=60"}],"curies":[{"name":"wp","href":"https:\/\/api.w.org\/{rel}","templated":true}]}}