{"id":676,"date":"2020-03-27T08:49:58","date_gmt":"2020-03-27T08:49:58","guid":{"rendered":"http:\/\/shinbukan.hu\/?page_id=676"},"modified":"2024-01-18T09:14:57","modified_gmt":"2024-01-18T09:14:57","slug":"az-iaido-vizsgaztato-szeme-iaido-shinsain-no-me-ueno-satanori-sensei-2012-10-08","status":"publish","type":"page","link":"https:\/\/shinbukan.hu\/?page_id=676","title":{"rendered":"Az Iaido vizsg\u00e1ztat\u00f3 szeme (Iaido shinsain no me) \u2013 Ueno Satanori sensei 2012.10.08."},"content":{"rendered":"<div id=\"pl-676\"  class=\"panel-layout\" ><div id=\"pg-676-0\"  class=\"panel-grid panel-no-style\" ><div id=\"pgc-676-0-0\"  class=\"panel-grid-cell\" ><div id=\"panel-676-0-0-0\" class=\"so-panel widget_text panel-first-child panel-last-child\" data-index=\"0\" >\t\t\t<div class=\"textwidget\"><div>\u00d6n\u00f6k k\u00f6z\u00fcl n\u00e9h\u00e1nyan m\u00e9g biztosan eml\u00e9keznek Ueno Sensei-re. T\u00f6bbsz\u00f6r volt tagja a hivatalos ZNKR K\u00fcld\u00f6tts\u00e9gnek az Iaido Eur\u00f3pa Bajnoks\u00e1gokon. A magam r\u00e9sz\u00e9r\u0151l m\u00e9g j\u00f3l eml\u00e9kszem a 2005-\u00f6s bolognai l\u00e1togat\u00e1s\u00e1ra \u00e9s a v\u00e1g\u00e1sokn\u00e1l valamint mozg\u00e1s\u00e1ban megmutatkoz\u00f3 er\u0151s (sz\u00f3 szerint hatalmas &#8211; ford.) jelenl\u00e9t\u00e9re.<\/div>\n<div><\/div>\n<div>Ez egy durva ford\u00edt\u00e1sa az \u201cIaido shinsain no me\u201d c\u00edm\u0171 k\u00f6nyv egy fejezet\u00e9nek, mely Ueno Satanori &#8211; Iaido 8. dan Hanshi \u00edr\u00e1sa.<\/div>\n<div><\/div>\n<div>Yuki Kanto \u00e9s Michael Simonini, (Yaegekikai, Belgium) angol ford\u00edt\u00e1s\u00e1b\u00f3l.<\/div>\n<div>A magyar sz\u00f6veg Lovik Anik\u00f3 \u00e9s Bereczky J\u00f3zsef munk\u00e1ja.<\/div>\n<div><b><br \/>\n\u201cL\u00e1tni \u00e9s megv\u00e1gni egy l\u00e1thatatlan ellenfelet\u201d<\/b><\/div>\n<div><\/div>\n<div><img decoding=\"async\" src=\"http:\/\/shinbukan.hu\/letoltes\/390\/ueno2.jpg\" \/><\/div>\n<div><\/div>\n<div>M\u00edg kendoban az ellenf\u00e9l l\u00e1that\u00f3, Iaidoban az ellenf\u00e9l Kasoteki &#8211; egy l\u00e1thatatlan ellenf\u00e9l. Nem l\u00e1tjuk, de meg kell testes\u00edten\u00fcnk \u00e9s meg kell v\u00e1gnunk ott, ahol lennie kellene. Ez az egyik legfontosabb az Iaido fogalmai k\u00f6z\u00fcl. Egy olyan ter\u00fcletre v\u00e1gni ahol az ellenf\u00e9l nem testes\u00fclt meg nincs semmi jelent\u00e9se, \u00e9rtelmetlen \u00e9s csak \u00f6ntelts\u00e9g. \u00dagy gondolom, hogy ha m\u00e9g az ellenf\u00e9l nem is val\u00f3di, nek\u00fcnk el kell tudnunk k\u00e9pzelni, hogy hol van \u00e9s mit csin\u00e1l. Ez az ami \u00e9rtelmet ad a gyakorl\u00e1sunknak.<\/div>\n<div><\/div>\n<div>K\u00f6r\u00fclbel\u00fcl 3. danig a k\u00f6vetelm\u00e9nyek a k\u00f6vetkez\u0151ek: a helyes mozdulatok sorrendj\u00e9nek ismerete, egy alap szint\u0171 elk\u00e9pzel\u00e9s az ellenf\u00e9l helyzet\u00e9r\u0151l, milyen t\u00e1vols\u00e1gra kell mozogni nukitsuke\/kiritsuke k\u00f6zben, hova kell v\u00e1gni (a kissaki magass\u00e1ga). Ez az oka annak, hogy ezen a szinten a vizsg\u00e1ztat\u00f3 b\u00edr\u00e1k f\u0151leg a ZNKR Iai k\u00f6nyv pontjait figyelik.<\/div>\n<div><\/div>\n<div>4. \u00e9s 5. danra a b\u00edr\u00e1k k\u00f6zelebbr\u0151l vizsg\u00e1lj\u00e1k a gyakorl\u00f3 viszony\u00e1t az ellenf\u00e9llel, az ellenf\u00e9l \u00e9szlel\u00e9s\u00e9t. Enn\u00e9l a szintn\u00e9l elengedhetetlenn\u00e9 v\u00e1lik tudni az ellenf\u00e9l pontos helyzet\u00e9t, sz\u00e1nd\u00e9kait \u00e9s ritmus\u00e1t a ZNKR iai k\u00f6nyv alapos tanulm\u00e1nyoz\u00e1sa \u00e1ltal \u00e9s csiszolva a k\u00fcl\u00f6nb\u00f6z\u0151 kat\u00e1k riai\u00e1nak (esem\u00e9nysor\u00e1nak) a meg\u00e9rt\u00e9s\u00e9t \u00e9s mindezeknek megfelel\u0151en gyakorolni.<\/div>\n<div><\/div>\n<div>5. dan feletti vizsg\u00e1kn\u00e1l a kat\u00e1k k\u00f6zben tiszt\u00e1n be kell mutatnod a riait (az esem\u00e9nyek l\u00e1ncolat\u00e1nak logik\u00e1j\u00e1t) \u00e9s a cselekedetek pontoss\u00e1g\u00e1t. Megmutatni, hogy megfelel\u0151en reag\u00e1lsz az ellenf\u00e9l k\u00fcl\u00f6nb\u00f6z\u0151 elhelyezked\u00e9s\u00e9re, t\u00e1vols\u00e1g\u00e1ra, id\u0151z\u00edt\u00e9s\u00e9re, sz\u00e1nd\u00e9kaira \u00e9s ezen kereszt\u00fcl kell megteremtened az ellenf\u00e9l jelenl\u00e9t\u00e9t.<\/div>\n<div><\/div>\n<div>Ami engem illet, az \u00e9n 7. dan vizsg\u00e1mhoz Kamimato Eiji sensei egy megjegyz\u00e9se k\u00f6t\u0151d\u00f6tt: \u201cHogyan tudsz an\u00e9lk\u00fcl v\u00e1gni, hogy l\u00e1tn\u00e1d az ellenfelet?\u201d Abban az id\u0151ben csak a mozdulatokat k\u00f6vettem le a megfelel\u0151 sorrendben. Az egyetlen m\u00f3dja a komoly munk\u00e1nak \u00e9s a b\u00edr\u00e1k meggy\u0151z\u00e9s\u00e9nek, ha arra gondolsz, hogy \u201cha rossz helyre v\u00e1gok, meg fognak \u00f6lni\u201d.<\/div>\n<div><\/div>\n<div>2007-ig b\u00edr\u00e1skodtam 8. danos vizsg\u00e1kon \u00e9s az \u00e9n f\u0151 vizsg\u00e1ztat\u00e1si szempontom, amire \u00f6sszpontos\u00edtottam, a jel\u00f6lt l\u00e9gz\u00e9se volt. \u00a0A j\u00f3 l\u00e9gz\u00e9si folyamat (Kokyu) elengedhetetlen a Heijoshin (l\u00e9lekjelenl\u00e9t &#8211; ford.) elsaj\u00e1t\u00edt\u00e1s\u00e1hoz \u00e9s ha fent tudod tartani a Heijoshin \u00e1llapotot, akkor sokkal k\u00f6nnyebb lesz fenntartani a f\u00f3kuszt \u00e9s megteremteni az ellenfelet. Elme\/Sz\u00edv zavarai hat\u00e1ssal vannak a kat\u00e1k v\u00e9grehajt\u00e1s\u00e1ra \u00e9s befoly\u00e1solj\u00e1k a Hin-it (m\u00e9lt\u00f3s\u00e1g) \u00e9s Fukakut (szem\u00e9lyes karakter m\u00e9lys\u00e9ge &#8211; st\u00edlus). Szerintem a hin-i \u00e9s a fukaku fejleszt\u00e9s\u00e9hez a heijo \u00e1llapot fenntart\u00e1s\u00e1nak k\u00e9pess\u00e9ge sz\u00fcks\u00e9ges.<\/div>\n<div><\/div>\n<div>Az emberek \u00e1ltal\u00e1ban a mellkasukb\u00f3l (t\u00f6rzs) l\u00e9legeznek, de Iaidoban minket arra tan\u00edtanak, hogy a har\u00e1t (als\u00f3 tandent) haszn\u00e1lva l\u00e9legezz\u00fcnk. A j\u00f3 l\u00e9gz\u00e9s kifejleszt\u00e9s\u00e9ben nekem a Shigin (k\u00e1nt\u00e1lt jap\u00e1n k\u00f6lt\u00e9szet) gyakorl\u00e1sa seg\u00edtett. Ha valaki elszaval egy shigint teljes bel\u00e9gz\u00e9ssel, az bes\u0171r\u0171s\u00f6dik \u00e9s nem marad meg. Ha csak 10-b\u0151l 7 r\u00e9sznyit l\u00e9legzel be, a hang, amely t\u00e1vozik a hasb\u00f3l, meghosszabbodik. Az iaidoban ugyanez megfigyelhet\u0151: 6 vagy 7 tized r\u00e9sz bel\u00e9gz\u00e9s \u00e9s hason \u00e1t t\u00f6rt\u00e9n\u0151 lass\u00fa kil\u00e9gz\u00e9s Ez lehet\u0151v\u00e9 teszi, hogy hogy ir\u00e1ny\u00edtsuk a l\u00e9gz\u00e9st a hasb\u00f3l \u00a0a bel\u00e9legzett leveg\u0151 lefel\u00e9 nyom\u00e1s\u00e1val, a has ezen ter\u00fclet\u00e9nek egy kiss\u00e9 el\u0151r\u00e9bb hagy\u00e1s\u00e1val.<\/div>\n<div><\/div>\n<div>V\u00e9g\u00fcl az Okuiair\u00f3l fogok besz\u00e9lni. Az iaido el\u0151deink l\u00e9trehoztak egy hat\u00e1sos, logikus \u00e9s technikai rendszert az iaido tanul\u00e1s\u00e1hoz, elsaj\u00e1t\u00edt\u00e1s\u00e1hoz. Ez a szerkezet a k\u00fcl\u00f6nb\u00f6z\u0151 szintek \u00f6sszess\u00e9ge Shoden, Chuden, Okuden. A legfontosabb, hogy meg\u00e9rts\u00fck \u00e9s magunk\u00e9v\u00e1 tegy\u00fck az iaido l\u00e9nyeg\u00e9t, anyag\u00e1t. Fontos, hogy el\u0151sz\u00f6r t\u00f6k\u00e9letesen elsaj\u00e1t\u00edtsuk az alapokat.<\/div>\n<div><\/div>\n<div>Term\u00e9szetesen egy iaido mozdulat\/esem\u00e9ny haszontalan val\u00f3di harcban, ha nem megfelel\u0151 sebess\u00e9ggel hajtj\u00e1k v\u00e9gre, mindazon\u00e1ltal gyorsnak lenni an\u00e9lk\u00fcl, hogy a ki-ken-tai ichi \u00e9s m\u00e1s alapok meglenn\u00e9nek, haszontalan. Az okuiai l\u00e9nyeg\u00e9t csak az \u00e9rtheti meg, aki m\u00e1r rendelkezik egy alaposan tanulm\u00e1nyozott \u00e9s t\u00f6k\u00e9letesen csiszolt (Renshu) Shodennel \u00e9s Chudennel. A sebess\u00e9gnek az ism\u00e9tl\u00e9seken kereszt\u00fcl v\u00e9gzett alapos tanul\u00e1s egy term\u00e9szetes k\u00f6vetkezm\u00e9ny\u00e9nek kell lennie.<\/div>\n<div><\/div>\n<div>A ken shin ichi nyo (\u5263 \u5fc3 \u4e00\u5982 &#8211; Kard \u00e9s elme egys\u00e9ge) felfog\u00e1sa csak akkor val\u00f3sul meg, amikor a test \u00e9s a kard technika lehet\u0151v\u00e9 teszi, hogy b\u00e1rhol, b\u00e1rmikor reag\u00e1lni tudjunk.<\/div>\n<\/div>\n\t\t<\/div><\/div><\/div><\/div>","protected":false},"excerpt":{"rendered":"<p>\u00d6n\u00f6k k\u00f6z\u00fcl n\u00e9h\u00e1nyan m\u00e9g biztosan eml\u00e9keznek Ueno Sensei-re. T\u00f6bbsz\u00f6r volt tagja a hivatalos ZNKR K\u00fcld\u00f6tts\u00e9gnek az Iaido Eur\u00f3pa Bajnoks\u00e1gokon. A magam r\u00e9sz\u00e9r\u0151l m\u00e9g j\u00f3l eml\u00e9kszem a 2005-\u00f6s bolognai l\u00e1togat\u00e1s\u00e1ra \u00e9s a v\u00e1g\u00e1sokn\u00e1l valamint mozg\u00e1s\u00e1ban megmutatkoz\u00f3 er\u0151s (sz\u00f3 szerint hatalmas &#8211; ford.) jelenl\u00e9t\u00e9re. Ez egy durva ford\u00edt\u00e1sa az \u201cIaido shinsain no me\u201d c\u00edm\u0171 k\u00f6nyv egy fejezet\u00e9nek, &hellip; <a href=\"https:\/\/shinbukan.hu\/?page_id=676\" class=\"more-link\"><span class=\"screen-reader-text\">&#8222;Az Iaido vizsg\u00e1ztat\u00f3 szeme (Iaido shinsain no me) \u2013 Ueno Satanori sensei 2012.10.08.&#8221;<\/span> b\u0151vebben<\/a><\/p>\n","protected":false},"author":2,"featured_media":0,"parent":0,"menu_order":0,"comment_status":"closed","ping_status":"closed","template":"","meta":{"footnotes":""},"class_list":["post-676","page","type-page","status-publish","hentry"],"_links":{"self":[{"href":"https:\/\/shinbukan.hu\/index.php?rest_route=\/wp\/v2\/pages\/676","targetHints":{"allow":["GET"]}}],"collection":[{"href":"https:\/\/shinbukan.hu\/index.php?rest_route=\/wp\/v2\/pages"}],"about":[{"href":"https:\/\/shinbukan.hu\/index.php?rest_route=\/wp\/v2\/types\/page"}],"author":[{"embeddable":true,"href":"https:\/\/shinbukan.hu\/index.php?rest_route=\/wp\/v2\/users\/2"}],"replies":[{"embeddable":true,"href":"https:\/\/shinbukan.hu\/index.php?rest_route=%2Fwp%2Fv2%2Fcomments&post=676"}],"version-history":[{"count":3,"href":"https:\/\/shinbukan.hu\/index.php?rest_route=\/wp\/v2\/pages\/676\/revisions"}],"predecessor-version":[{"id":682,"href":"https:\/\/shinbukan.hu\/index.php?rest_route=\/wp\/v2\/pages\/676\/revisions\/682"}],"wp:attachment":[{"href":"https:\/\/shinbukan.hu\/index.php?rest_route=%2Fwp%2Fv2%2Fmedia&parent=676"}],"curies":[{"name":"wp","href":"https:\/\/api.w.org\/{rel}","templated":true}]}}